{"id":12698,"date":"2022-09-21T01:40:01","date_gmt":"2022-09-21T01:40:01","guid":{"rendered":"https:\/\/apkflujotv.com\/?post_type=product&#038;p=12698"},"modified":"2024-10-19T04:02:17","modified_gmt":"2024-10-19T09:02:17","slug":"panel-bronce-30-creditos","status":"publish","type":"product","link":"https:\/\/apkflujotv.com\/en\/product\/panel-bronce-30-creditos\/","title":{"rendered":"Bronze Panel 30 Credits"},"content":{"rendered":"<ul>\n<li>Simultaneous Devices: 3<\/li>\n<li>Constant updating of information<\/li>\n<li>Option to upgrade<\/li>\n<li>Android phones<\/li>\n<li>Minimum OS 5.1.1 or higher<\/li>\n<\/ul>\n<p>Se recomienda para hacer el pago el uso de Binace con USDT.<\/p>","protected":false},"excerpt":{"rendered":"<p>Dispositivos simult\u00e1neos: 3 Actualizaci\u00f3n constante de informaci\u00f3n Opci\u00f3n para actualizar Celulares con Andorid OS m\u00ednimo 5.1.1o superior Se recomienda para hacer el pago el uso de Binace con USDT.<\/p>","protected":false},"featured_media":13791,"comment_status":"closed","ping_status":"closed","template":"","meta":[],"product_brand":[],"product_cat":[79],"product_tag":[],"class_list":{"0":"post-12698","1":"product","2":"type-product","3":"status-publish","4":"has-post-thumbnail","6":"product_cat-flujotv","8":"first","9":"instock","10":"purchasable","11":"product-type-simple"},"_links":{"self":[{"href":"https:\/\/apkflujotv.com\/en\/wp-json\/wp\/v2\/product\/12698","targetHints":{"allow":["GET"]}}],"collection":[{"href":"https:\/\/apkflujotv.com\/en\/wp-json\/wp\/v2\/product"}],"about":[{"href":"https:\/\/apkflujotv.com\/en\/wp-json\/wp\/v2\/types\/product"}],"replies":[{"embeddable":true,"href":"https:\/\/apkflujotv.com\/en\/wp-json\/wp\/v2\/comments?post=12698"}],"version-history":[{"count":1,"href":"https:\/\/apkflujotv.com\/en\/wp-json\/wp\/v2\/product\/12698\/revisions"}],"predecessor-version":[{"id":13808,"href":"https:\/\/apkflujotv.com\/en\/wp-json\/wp\/v2\/product\/12698\/revisions\/13808"}],"wp:featuredmedia":[{"embeddable":true,"href":"https:\/\/apkflujotv.com\/en\/wp-json\/wp\/v2\/media\/13791"}],"wp:attachment":[{"href":"https:\/\/apkflujotv.com\/en\/wp-json\/wp\/v2\/media?parent=12698"}],"wp:term":[{"taxonomy":"product_brand","embeddable":true,"href":"https:\/\/apkflujotv.com\/en\/wp-json\/wp\/v2\/product_brand?post=12698"},{"taxonomy":"product_cat","embeddable":true,"href":"https:\/\/apkflujotv.com\/en\/wp-json\/wp\/v2\/product_cat?post=12698"},{"taxonomy":"product_tag","embeddable":true,"href":"https:\/\/apkflujotv.com\/en\/wp-json\/wp\/v2\/product_tag?post=12698"}],"curies":[{"name":"wp","href":"https:\/\/api.w.org\/{rel}","templated":true}]}}